{"id":1926,"date":"2014-10-06T16:43:46","date_gmt":"2014-10-06T15:43:46","guid":{"rendered":"http:\/\/cero.fr\/qualite\/"},"modified":"2017-04-25T15:52:12","modified_gmt":"2017-04-25T13:52:12","slug":"qualitaet","status":"publish","type":"page","link":"https:\/\/cero.fr\/de\/qualitaet\/","title":{"rendered":"QUALIT\u00c4T"},"content":{"rendered":"<h2>Die Qualit\u00e4t\u00a0: wir engagieren uns gemeinsam<\/h2>\n<p><img loading=\"lazy\" decoding=\"async\" class=\"alignnone size-full wp-image-1302\" src=\"http:\/\/cero.fr\/wp-content\/uploads\/2014\/10\/21-700.jpg\" alt=\"21-700\" width=\"700\" height=\"237\" srcset=\"https:\/\/cero.fr\/wp-content\/uploads\/2014\/10\/21-700.jpg 700w, https:\/\/cero.fr\/wp-content\/uploads\/2014\/10\/21-700-300x101.jpg 300w\" sizes=\"(max-width: 700px) 100vw, 700px\" \/><\/p>\n<blockquote><p>Wir b\u00fcrgen f\u00fcr Qualit\u00e4t ,denn die Kundenzufriedenheit und das Vertrauen unserer Kunden ist unser oberstes Ziel.<br \/>\nUnser kollektives Engagement macht dies m\u00f6glich.<br \/>\nUnsere aktualisierte Qualit\u00e4tskontrolle beruht auf der Norm \u00a0ISO 9001 \u2013 Version 2008.<\/p><\/blockquote>\n<p>Downloading der Zertifizierung :\u00a0<a href=\"http:\/\/cero.fr\/wp-content\/uploads\/2014\/10\/certification-iso-9001-2013-2016-francais.pdf\" target=\"_blank\">ISO 9001 2013-2016<\/a><\/p>\n<p>Wir gew\u00e4hrleisten das Recycling unserer Abfallstoffe gem\u00e4\u00df unserem Engagement im Sinne der nachhaltigen Entwicklung\u00a0: Rohstoffabf\u00e4lle, Metallsp\u00e4ne, \u00d6le, Kunststoffabf\u00e4lle, Papiere\u2026<\/p>\n<p><span style=\"font-size: 20px;\"><strong>Wir sind jederzeit bereit uns jegliche Neuentwicklung auf diesem Gebiet anzueignen um unsere Umwelt nachhaltig zu sch\u00fctzen.<\/strong><\/span><\/p>\n<p>&nbsp;<\/p>\n","protected":false},"excerpt":{"rendered":"<p>Die Qualit\u00e4t\u00a0: wir engagieren uns gemeinsam Wir b\u00fcrgen f\u00fcr Qualit\u00e4t ,denn die Kundenzufriedenheit und das Vertrauen unserer Kunden ist unser oberstes Ziel. Unser kollektives Engagement macht dies m\u00f6glich. Unsere aktualisierte Qualit\u00e4tskontrolle beruht auf der Norm \u00a0ISO 9001 \u2013 Version 2008. Downloading der Zertifizierung :\u00a0ISO 9001 2013-2016 Wir gew\u00e4hrleisten das Recycling unserer Abfallstoffe gem\u00e4\u00df unserem Engagement [&hellip;]<\/p>\n","protected":false},"author":2,"featured_media":0,"parent":0,"menu_order":48,"comment_status":"closed","ping_status":"closed","template":"","meta":{"_acf_changed":false,"footnotes":""},"class_list":["post-1926","page","type-page","status-publish","hentry"],"acf":[],"_links":{"self":[{"href":"https:\/\/cero.fr\/de\/wp-json\/wp\/v2\/pages\/1926"}],"collection":[{"href":"https:\/\/cero.fr\/de\/wp-json\/wp\/v2\/pages"}],"about":[{"href":"https:\/\/cero.fr\/de\/wp-json\/wp\/v2\/types\/page"}],"author":[{"embeddable":true,"href":"https:\/\/cero.fr\/de\/wp-json\/wp\/v2\/users\/2"}],"replies":[{"embeddable":true,"href":"https:\/\/cero.fr\/de\/wp-json\/wp\/v2\/comments?post=1926"}],"version-history":[{"count":3,"href":"https:\/\/cero.fr\/de\/wp-json\/wp\/v2\/pages\/1926\/revisions"}],"predecessor-version":[{"id":2002,"href":"https:\/\/cero.fr\/de\/wp-json\/wp\/v2\/pages\/1926\/revisions\/2002"}],"wp:attachment":[{"href":"https:\/\/cero.fr\/de\/wp-json\/wp\/v2\/media?parent=1926"}],"curies":[{"name":"wp","href":"https:\/\/api.w.org\/{rel}","templated":true}]}}