{"id":1918,"date":"2014-11-24T11:53:12","date_gmt":"2014-11-24T10:53:12","guid":{"rendered":"http:\/\/cero.fr\/technologies\/compression-thermoplastique-composite\/"},"modified":"2017-04-25T14:37:12","modified_gmt":"2017-04-25T12:37:12","slug":"kompression-von-thermoplastischen-und-verbundstoffen","status":"publish","type":"page","link":"https:\/\/cero.fr\/de\/know-how\/kompression-von-thermoplastischen-und-verbundstoffen\/","title":{"rendered":"Kompression von thermoplastischen \u2013 und Verbundstoffen"},"content":{"rendered":"<blockquote><p>Die Kompression dient zur Formgebung von thermoplastischen Stoffen und von Verbundstoffen.<br \/>\nDer Werkstoff wird mit einer hydraulischen Presse in der Gussform komprimiert.<\/p><\/blockquote>\n<h2>DIE THERMOPLASTISCHE KOMPRESSION<\/h2>\n<blockquote><p>Der Werkstoff ist ein halbfertiges Produkt mit einer Faserverst\u00e4rkung (Glas, Kohlenstoff\u2026). Ein thermoplastischer Bindestoff wird beigemischt beziehungsweise in Puderform aufgetragen. Der Bindestoff ist in Form einer dicken Folie.<br \/>\nEine hydraulische Presse komprimiert den Werkstoff in der Metallform bei einer Temperatur, die die Umwandlung des Bindestoffes erm\u00f6glicht.<\/p><\/blockquote>\n<h4>Anwendungsbereiche :<\/h4>\n<ul>\n<li>Herstellung gro\u00df f\u00f6rmiger komplexer Teile mit zwei glatten Oberfl\u00e4chen.<\/li>\n<li>Mit diesem Verfahren erreicht man eine hohe Genauigkeit in der Formgebung. Der Werkstoff weist hochwertige Eigenschaften auf.<\/li>\n<li>Die Investitionskosten sind jedoch relativ bedeutend und die St\u00fcckzahl gering im Vergleich zu den gro\u00dfen Serien zum Beispiel f\u00fcr die Automobilindustrie.<\/li>\n<\/ul>\n<h2>SMC (SHEET MOULDING COMPOUNDS)<\/h2>\n<blockquote><p>SMC ist ein halbfertiger Duroplast bestehend aus einer Drahtverst\u00e4rkung mit Polyesterharz-Impregnierung. Es wird in Form von einer dicken Folie angeboten.<br \/>\nEine hydraulische Presse komprimiert den Werkstoff in einer Gussform bei einer Temperatur von 140\u00b0 bis 160\u00b0C und einem Druck von 50 bis 100 bar.<\/p><\/blockquote>\n<h4>Anwendungsbereiche :<\/h4>\n<ul>\n<li>Herstellung von komplexen gro\u00df f\u00f6rmigen Teilen mit zwei glatten Oberfl\u00e4chen.<\/li>\n<li>Mit diesem Verfahren erreicht man eine gro\u00dfe Genauigkeit in der Formgebung. Der Werkstoff hat hochwertige Eigenschaften.<\/li>\n<li>Die Investitionskosten sind jedoch relativ bedeutend und die St\u00fcckzahl gering im Vergleich zu den gro\u00dfen Serien zum Beispiel f\u00fcr die Automobilindustrie.<\/li>\n<\/ul>\n<h2>BMC (BULK MOULDING COMPOUNDS)<\/h2>\n<blockquote><p>BMC ist ein halbfertiges Polyesterharz mit verschiedenen Zusatzstoffen und einer Glasfaserverst\u00e4rkung.<br \/>\nEs wird als Bulkware angeboten.<br \/>\nMit einer Presse wird dieser Verbundstoff und eine geschlossene Gussform eingespritzt oder komprimiert bei einer Temperatur zwischen 150\u00b0und 160\u00b0und einem starken Druck zwischen 150 und 180 bar.<\/p><\/blockquote>\n<h4>Anwendungsbereiche :<\/h4>\n<ul>\n<li>Herstellung von komplexen grossen Teilen mit zwei glatten Oberfl\u00e4chen.<\/li>\n<li>Pr\u00e4zise Formgebung auch bei weniger hochwertigem Werkstoff. Die manuelle Bearbeitung ist f\u00fcr die Qualit\u00e4t des Produktes nicht entscheidend.<\/li>\n<li>Weniger Investitionen und schnellere Gangart.<\/li>\n<li>Aber die mechanischen Eigenschaften sind weniger gut.<\/li>\n<li>Die Abmessungen sind begrenzt und der Werkstoff muss genau dosiert werden.<\/li>\n<\/ul>\n","protected":false},"excerpt":{"rendered":"<p>Die Kompression dient zur Formgebung von thermoplastischen Stoffen und von Verbundstoffen. Der Werkstoff wird mit einer hydraulischen Presse in der Gussform komprimiert. DIE THERMOPLASTISCHE KOMPRESSION Der Werkstoff ist ein halbfertiges Produkt mit einer Faserverst\u00e4rkung (Glas, Kohlenstoff\u2026). Ein thermoplastischer Bindestoff wird beigemischt beziehungsweise in Puderform aufgetragen. Der Bindestoff ist in Form einer dicken Folie. Eine hydraulische [&hellip;]<\/p>\n","protected":false},"author":1,"featured_media":0,"parent":1913,"menu_order":11,"comment_status":"closed","ping_status":"closed","template":"","meta":{"_acf_changed":false,"footnotes":""},"class_list":["post-1918","page","type-page","status-publish","hentry"],"acf":[],"_links":{"self":[{"href":"https:\/\/cero.fr\/de\/wp-json\/wp\/v2\/pages\/1918"}],"collection":[{"href":"https:\/\/cero.fr\/de\/wp-json\/wp\/v2\/pages"}],"about":[{"href":"https:\/\/cero.fr\/de\/wp-json\/wp\/v2\/types\/page"}],"author":[{"embeddable":true,"href":"https:\/\/cero.fr\/de\/wp-json\/wp\/v2\/users\/1"}],"replies":[{"embeddable":true,"href":"https:\/\/cero.fr\/de\/wp-json\/wp\/v2\/comments?post=1918"}],"version-history":[{"count":5,"href":"https:\/\/cero.fr\/de\/wp-json\/wp\/v2\/pages\/1918\/revisions"}],"predecessor-version":[{"id":1996,"href":"https:\/\/cero.fr\/de\/wp-json\/wp\/v2\/pages\/1918\/revisions\/1996"}],"up":[{"embeddable":true,"href":"https:\/\/cero.fr\/de\/wp-json\/wp\/v2\/pages\/1913"}],"wp:attachment":[{"href":"https:\/\/cero.fr\/de\/wp-json\/wp\/v2\/media?parent=1918"}],"curies":[{"name":"wp","href":"https:\/\/api.w.org\/{rel}","templated":true}]}}