{"id":1916,"date":"2014-12-11T16:25:30","date_gmt":"2014-12-11T15:25:30","guid":{"rendered":"http:\/\/cero.fr\/technologies\/surmoulage\/"},"modified":"2017-04-25T11:02:17","modified_gmt":"2017-04-25T09:02:17","slug":"kunststoffanformung","status":"publish","type":"page","link":"https:\/\/cero.fr\/de\/know-how\/kunststoffanformung\/","title":{"rendered":"Kunststoffanformung"},"content":{"rendered":"<blockquote><p>Bei der Kunststoffanformung wird ein Teil bestehend aus zwei verschiedenen Werkstoffen auf der gleichen Presse und in der gleichen Gussform hergestellt.<br \/>\nZu diesem Zwecke wird ein thermoplastischer Stoff auf einen anderen Werkstoff \u2013 zum Beispiel Metall- aufgespritzt.<br \/>\nLetztere werden in die Gussform eingelegt und m\u00fcssen der Temperatur des Polymers standhalten.<\/p><\/blockquote>\n<h4>Werkstoffe :<\/h4>\n<p>Theoretisch alle thermoplastischen Polymere.<\/p>\n<h4>Anwendungsbereiche :<\/h4>\n<p>Serienm\u00e4\u00dfige Herstellung von Teilen f\u00fcr verschiedenste Anwendungsbereiche.<br \/>\nZwei\u00a0 Werkstoffe mit einer guten Dichtigkeit werden miteinander verbunden.<\/p>\n","protected":false},"excerpt":{"rendered":"<p>Bei der Kunststoffanformung wird ein Teil bestehend aus zwei verschiedenen Werkstoffen auf der gleichen Presse und in der gleichen Gussform hergestellt. Zu diesem Zwecke wird ein thermoplastischer Stoff auf einen anderen Werkstoff \u2013 zum Beispiel Metall- aufgespritzt. Letztere werden in die Gussform eingelegt und m\u00fcssen der Temperatur des Polymers standhalten. Werkstoffe : Theoretisch alle thermoplastischen [&hellip;]<\/p>\n","protected":false},"author":1,"featured_media":0,"parent":1913,"menu_order":8,"comment_status":"closed","ping_status":"closed","template":"","meta":{"_acf_changed":false,"footnotes":""},"class_list":["post-1916","page","type-page","status-publish","hentry"],"acf":[],"_links":{"self":[{"href":"https:\/\/cero.fr\/de\/wp-json\/wp\/v2\/pages\/1916"}],"collection":[{"href":"https:\/\/cero.fr\/de\/wp-json\/wp\/v2\/pages"}],"about":[{"href":"https:\/\/cero.fr\/de\/wp-json\/wp\/v2\/types\/page"}],"author":[{"embeddable":true,"href":"https:\/\/cero.fr\/de\/wp-json\/wp\/v2\/users\/1"}],"replies":[{"embeddable":true,"href":"https:\/\/cero.fr\/de\/wp-json\/wp\/v2\/comments?post=1916"}],"version-history":[{"count":3,"href":"https:\/\/cero.fr\/de\/wp-json\/wp\/v2\/pages\/1916\/revisions"}],"predecessor-version":[{"id":1989,"href":"https:\/\/cero.fr\/de\/wp-json\/wp\/v2\/pages\/1916\/revisions\/1989"}],"up":[{"embeddable":true,"href":"https:\/\/cero.fr\/de\/wp-json\/wp\/v2\/pages\/1913"}],"wp:attachment":[{"href":"https:\/\/cero.fr\/de\/wp-json\/wp\/v2\/media?parent=1916"}],"curies":[{"name":"wp","href":"https:\/\/api.w.org\/{rel}","templated":true}]}}