{"id":1915,"date":"2014-12-11T16:19:17","date_gmt":"2014-12-11T15:19:17","guid":{"rendered":"http:\/\/cero.fr\/technologies\/bi-injection\/"},"modified":"2017-04-25T10:56:05","modified_gmt":"2017-04-25T08:56:05","slug":"doppelte-einspritzung","status":"publish","type":"page","link":"https:\/\/cero.fr\/de\/know-how\/doppelte-einspritzung\/","title":{"rendered":"Doppelte Einspritzung"},"content":{"rendered":"<blockquote><p>Die Doppel-Einspritzung dient zur Herstellung eines Teiles, das aus zwei verschiedenen thermoplastischen Werkstoffen besteht. Die Produktion erfolgt gleichzeitig auf der gleichen Presse und in der gleichen Gussform.<\/p><\/blockquote>\n<h4>Rohstoffe :<\/h4>\n<ul>\n<li>Theoretisch k\u00f6nnen alle thermoplastischen Polymere verarbeitet werden.<\/li>\n<\/ul>\n<h4>Anwendungsbereich :<\/h4>\n<ul>\n<li>Die serienm\u00e4\u00dfige Herstellung von Teilen f\u00fcr die verschiedensten Anwendungsbereiche.<\/li>\n<li>Meistens werden zwei unterschiedliche Stoffe gleicher Art und mit einer guten chemischen Kompatibilit\u00e4t verbunden.<\/li>\n<li>Manchmal wird jedoch eine gewisse Inkompatibilit\u00e4t erw\u00fcnscht um die Komponenten sp\u00e4ter besser trennen zu k\u00f6nnen so zum Beispiel beim Recycling.<\/li>\n<\/ul>\n","protected":false},"excerpt":{"rendered":"<p>Die Doppel-Einspritzung dient zur Herstellung eines Teiles, das aus zwei verschiedenen thermoplastischen Werkstoffen besteht. Die Produktion erfolgt gleichzeitig auf der gleichen Presse und in der gleichen Gussform. Rohstoffe : Theoretisch k\u00f6nnen alle thermoplastischen Polymere verarbeitet werden. Anwendungsbereich : Die serienm\u00e4\u00dfige Herstellung von Teilen f\u00fcr die verschiedensten Anwendungsbereiche. Meistens werden zwei unterschiedliche Stoffe gleicher Art und [&hellip;]<\/p>\n","protected":false},"author":1,"featured_media":0,"parent":1913,"menu_order":2,"comment_status":"closed","ping_status":"closed","template":"","meta":{"_acf_changed":false,"footnotes":""},"class_list":["post-1915","page","type-page","status-publish","hentry"],"acf":[],"_links":{"self":[{"href":"https:\/\/cero.fr\/de\/wp-json\/wp\/v2\/pages\/1915"}],"collection":[{"href":"https:\/\/cero.fr\/de\/wp-json\/wp\/v2\/pages"}],"about":[{"href":"https:\/\/cero.fr\/de\/wp-json\/wp\/v2\/types\/page"}],"author":[{"embeddable":true,"href":"https:\/\/cero.fr\/de\/wp-json\/wp\/v2\/users\/1"}],"replies":[{"embeddable":true,"href":"https:\/\/cero.fr\/de\/wp-json\/wp\/v2\/comments?post=1915"}],"version-history":[{"count":2,"href":"https:\/\/cero.fr\/de\/wp-json\/wp\/v2\/pages\/1915\/revisions"}],"predecessor-version":[{"id":1986,"href":"https:\/\/cero.fr\/de\/wp-json\/wp\/v2\/pages\/1915\/revisions\/1986"}],"up":[{"embeddable":true,"href":"https:\/\/cero.fr\/de\/wp-json\/wp\/v2\/pages\/1913"}],"wp:attachment":[{"href":"https:\/\/cero.fr\/de\/wp-json\/wp\/v2\/media?parent=1915"}],"curies":[{"name":"wp","href":"https:\/\/api.w.org\/{rel}","templated":true}]}}