{"id":1914,"date":"2014-11-24T11:52:26","date_gmt":"2014-11-24T10:52:26","guid":{"rendered":"http:\/\/cero.fr\/technologies\/injection-thermoplastique\/"},"modified":"2017-04-25T10:47:59","modified_gmt":"2017-04-25T08:47:59","slug":"thermoplastische-einspritzung","status":"publish","type":"page","link":"https:\/\/cero.fr\/de\/know-how\/thermoplastische-einspritzung\/","title":{"rendered":"Thermoplastische Einspritzung"},"content":{"rendered":"<blockquote><p>Die thermoplastischen Werkstoffe werden durch Einspritzung geformt.<br \/>\nDer z\u00e4hfl\u00fcssige Werkstoff wird in einer Plastifizierschnecke geknettet. Dann wird der Werkstoff unter starkem Druck in eine warme oder kalte Gussform gespritzt. Nach der Formgebung durch Erstarren in der Gussform kann das Teil dann aus der Form genommen werden<\/p><\/blockquote>\n<h4>Rohstoffe :<\/h4>\n<ul>\n<li>Meistens Kunststoffe oder Elastomere ( Kautschuk)<\/li>\n<li>Metalle und Legierungen mit einem niedrigen Schmelzpunkt<\/li>\n<\/ul>\n<h4>Anwendungsbereiche :<\/h4>\n<ul>\n<li>Serienm\u00e4\u00dfige Herstellung von Teilen und Komponenten f\u00fcr die Automobilindustrie, f\u00fcr Haushaltsger\u00e4te, f\u00fcr den IT \u2013 Bereich, die M\u00f6belindustrie\u2026<\/li>\n<li>Karrosserieteile aus Kunststoff, Gartenm\u00f6bel und viele andere Anwendungsbereiche\u2026<\/li>\n<\/ul>\n","protected":false},"excerpt":{"rendered":"<p>Die thermoplastischen Werkstoffe werden durch Einspritzung geformt. Der z\u00e4hfl\u00fcssige Werkstoff wird in einer Plastifizierschnecke geknettet. Dann wird der Werkstoff unter starkem Druck in eine warme oder kalte Gussform gespritzt. Nach der Formgebung durch Erstarren in der Gussform kann das Teil dann aus der Form genommen werden Rohstoffe : Meistens Kunststoffe oder Elastomere ( Kautschuk) Metalle [&hellip;]<\/p>\n","protected":false},"author":1,"featured_media":0,"parent":1913,"menu_order":0,"comment_status":"closed","ping_status":"closed","template":"","meta":{"_acf_changed":false,"footnotes":""},"class_list":["post-1914","page","type-page","status-publish","hentry"],"acf":[],"_links":{"self":[{"href":"https:\/\/cero.fr\/de\/wp-json\/wp\/v2\/pages\/1914"}],"collection":[{"href":"https:\/\/cero.fr\/de\/wp-json\/wp\/v2\/pages"}],"about":[{"href":"https:\/\/cero.fr\/de\/wp-json\/wp\/v2\/types\/page"}],"author":[{"embeddable":true,"href":"https:\/\/cero.fr\/de\/wp-json\/wp\/v2\/users\/1"}],"replies":[{"embeddable":true,"href":"https:\/\/cero.fr\/de\/wp-json\/wp\/v2\/comments?post=1914"}],"version-history":[{"count":2,"href":"https:\/\/cero.fr\/de\/wp-json\/wp\/v2\/pages\/1914\/revisions"}],"predecessor-version":[{"id":1984,"href":"https:\/\/cero.fr\/de\/wp-json\/wp\/v2\/pages\/1914\/revisions\/1984"}],"up":[{"embeddable":true,"href":"https:\/\/cero.fr\/de\/wp-json\/wp\/v2\/pages\/1913"}],"wp:attachment":[{"href":"https:\/\/cero.fr\/de\/wp-json\/wp\/v2\/media?parent=1914"}],"curies":[{"name":"wp","href":"https:\/\/api.w.org\/{rel}","templated":true}]}}