{"id":1910,"date":"2014-11-21T17:07:17","date_gmt":"2014-11-21T16:07:17","guid":{"rendered":"http:\/\/cero.fr\/activites\/lentreprise-en-video\/"},"modified":"2017-04-24T17:26:43","modified_gmt":"2017-04-24T15:26:43","slug":"das-unternehmen-videoaufzeichnung","status":"publish","type":"page","link":"https:\/\/cero.fr\/de\/taetigkeit\/das-unternehmen-videoaufzeichnung\/","title":{"rendered":"Das Unternehmen- Videoaufzeichnung"},"content":{"rendered":"<p>CERO ist ein \u00fcberschaubares Unternehmen mit einem anerkannten Know How. Es profiliert sich auf dem internationalen Markt der Kunststoffindustrie seit mehr als 30 Jahren und gew\u00e4hrleistet die Konzeption, die Herstellung, die Ab\u00e4nderung der Gussformen und der Werkzeuge f\u00fcr die Herstellung von thermoplastischen Teilen und Verbundstoffteilen.<\/p>\n<div style=\"width: 700px;\" class=\"wp-video\"><!--[if lt IE 9]><script>document.createElement('video');<\/script><![endif]-->\n<video class=\"wp-video-shortcode\" id=\"video-1910-1\" width=\"700\" height=\"390\" preload=\"metadata\" controls=\"controls\"><source type=\"video\/mp4\" src=\"http:\/\/cero.fr\/wp-content\/uploads\/2014\/09\/cerofilm.mp4?_=1\" \/><a href=\"http:\/\/cero.fr\/wp-content\/uploads\/2014\/09\/cerofilm.mp4\">http:\/\/cero.fr\/wp-content\/uploads\/2014\/09\/cerofilm.mp4<\/a><\/video><\/div>\n","protected":false},"excerpt":{"rendered":"<p>CERO ist ein \u00fcberschaubares Unternehmen mit einem anerkannten Know How. Es profiliert sich auf dem internationalen Markt der Kunststoffindustrie seit mehr als 30 Jahren und gew\u00e4hrleistet die Konzeption, die Herstellung, die Ab\u00e4nderung der Gussformen und der Werkzeuge f\u00fcr die Herstellung von thermoplastischen Teilen und Verbundstoffteilen.<\/p>\n","protected":false},"author":1,"featured_media":0,"parent":775,"menu_order":22,"comment_status":"closed","ping_status":"closed","template":"","meta":{"_acf_changed":false,"footnotes":""},"class_list":["post-1910","page","type-page","status-publish","hentry"],"acf":[],"_links":{"self":[{"href":"https:\/\/cero.fr\/de\/wp-json\/wp\/v2\/pages\/1910"}],"collection":[{"href":"https:\/\/cero.fr\/de\/wp-json\/wp\/v2\/pages"}],"about":[{"href":"https:\/\/cero.fr\/de\/wp-json\/wp\/v2\/types\/page"}],"author":[{"embeddable":true,"href":"https:\/\/cero.fr\/de\/wp-json\/wp\/v2\/users\/1"}],"replies":[{"embeddable":true,"href":"https:\/\/cero.fr\/de\/wp-json\/wp\/v2\/comments?post=1910"}],"version-history":[{"count":2,"href":"https:\/\/cero.fr\/de\/wp-json\/wp\/v2\/pages\/1910\/revisions"}],"predecessor-version":[{"id":1975,"href":"https:\/\/cero.fr\/de\/wp-json\/wp\/v2\/pages\/1910\/revisions\/1975"}],"up":[{"embeddable":true,"href":"https:\/\/cero.fr\/de\/wp-json\/wp\/v2\/pages\/775"}],"wp:attachment":[{"href":"https:\/\/cero.fr\/de\/wp-json\/wp\/v2\/media?parent=1910"}],"curies":[{"name":"wp","href":"https:\/\/api.w.org\/{rel}","templated":true}]}}