{"id":1909,"date":"2015-04-14T16:10:26","date_gmt":"2015-04-14T14:10:26","guid":{"rendered":"http:\/\/cero.fr\/activites\/nos-partenaires\/"},"modified":"2017-04-24T17:23:58","modified_gmt":"2017-04-24T15:23:58","slug":"nos-partenaires","status":"publish","type":"page","link":"https:\/\/cero.fr\/de\/taetigkeit\/nos-partenaires\/","title":{"rendered":"Unsere Partner"},"content":{"rendered":"<p>Wir erweitern t\u00e4glich das Netz unserer Partner in Frankreich, in Europa, in Mittel-und Osteuropa, in Asien und in den USA zum Zwecke der Weitergabe unseres Know-Hows und der Optimierung des Preis-Leistungsverh\u00e4ltnisses.<\/p>\n<p><img loading=\"lazy\" decoding=\"async\" class=\"size-full wp-image-808 aligncenter\" src=\"http:\/\/cero.fr\/wp-content\/uploads\/2014\/10\/mappemonde2-cero-page-metiers.jpg\" alt=\"Mappemonde2-CERO-page-metiers\" width=\"700\" height=\"399\" srcset=\"https:\/\/cero.fr\/wp-content\/uploads\/2014\/10\/mappemonde2-cero-page-metiers.jpg 700w, https:\/\/cero.fr\/wp-content\/uploads\/2014\/10\/mappemonde2-cero-page-metiers-300x171.jpg 300w\" sizes=\"(max-width: 700px) 100vw, 700px\" \/><\/p>\n<h2 style=\"padding-left: 30px;\">Versuche, Vorserien und Serien<\/h2>\n<blockquote><p><strong>PROCESS <\/strong>&#8211;<strong>\u00a0<\/strong><span style=\"line-height: 1.5;\">Verarbeitung thermoplastischer Stoffe<\/span><\/p><\/blockquote>\n<p style=\"padding-left: 30px;\">Diese Firma ist verantwortlich f\u00fcr die Versuche, Serien und Vorserien thermoplastischer Stoffe. Auf 25 bis 3200 Tonnen Pressen werden Teile aus einem einzigen Werkstoff hergestellt und auf den 700 bis 1000 Tonnen Pressen Teile aus zwei Werkstoffen.<\/p>\n<p style=\"padding-left: 30px;\"><a title=\"Process\" href=\"http:\/\/www.process.fr\" target=\"_blank\">www.process.fr<\/a><\/p>\n<h2 style=\"padding-left: 30px;\">Konzeption und Entwicklung von Kunststoffteilen.<\/h2>\n<blockquote><p><strong>CD PLAST<\/strong>&#8211;<strong>\u00a0<\/strong>Forschung und Entwicklung von Kunststoffteilen und Verbundstoffteilen<\/p><\/blockquote>\n<p style=\"padding-left: 30px;\">Auf Anfrage erstellt dieses Engineering-B\u00fcro technische Zeichnungen, Lastenhefte, Pl\u00e4ne ( 2D und 3D) f\u00fcr die Konzeption der Produkte und ihre Industrialisierung ( Strukturberechnungen, Rheologie\u2026)<\/p>\n<p style=\"padding-left: 30px;\"><a title=\"CD PLAST\" href=\"http:\/\/www.cd-plast.com\" target=\"_blank\">www.cd-plast.com<\/a><\/p>\n<h2 style=\"padding-left: 30px;\">Ver\u00e4nderung und Wartung der in Deutschland verwendeten Gussformen<\/h2>\n<blockquote><p><strong>ROLLER-SCHNEIDER<\/strong><\/p><\/blockquote>\n<p style=\"padding-left: 30px;\">TOOL DOCTOR<br \/>\nDie Firma ver\u00e4ndert und wartet unsere Werkzeuge in Deutschland.<\/p>\n<p style=\"padding-left: 30px;\"><a title=\"ROLLER SCHNEIDER\" href=\"http:\/\/www.roller-schneider.de\" target=\"_blank\">www.roller-schneider.de<\/a><\/p>\n<blockquote><p><strong>HWF<\/strong><\/p><\/blockquote>\n<p style=\"padding-left: 30px;\">TOOL DOCTOR<br \/>\nIls interviennent pour la modification et la maintenance de nos outillages livr\u00e9s en Allemagne.<\/p>\n<p style=\"padding-left: 30px;\"><a href=\"http:\/\/www.hwf-werkzeugbau.de\/\" target=\"_blank\">www.hwf-werkzeugbau.de<\/a><\/p>\n<h2 style=\"padding-left: 30px;\">Vernetzung der Akteure der Kunststoffindustrie und der Automobilindustrie<\/h2>\n<blockquote><p><strong>PLASTI OUEST<\/strong><\/p><\/blockquote>\n<p style=\"padding-left: 30px;\">Wir sind Mitglied des Berufsverbandes der Kunststoffindustrie der Regionen Bretagne, Pays de la Loire und Poitou Charentes.<\/p>\n<p style=\"padding-left: 30px;\"><a href=\"http:\/\/www.plasti-ouest.com\">www.plasti-ouest.com<\/a><\/p>\n<blockquote><p><strong>IAM \/ INSTITUT AUTOMOBILE DU MANS<\/strong><\/p><\/blockquote>\n<p style=\"padding-left: 30px;\">Wir sind Mitglied des Institutes der franz\u00f6sischen Automobilindustrie der Region \u00a0Pays de la Loire.<\/p>\n<p style=\"padding-left: 30px;\"><a title=\"IAM\" href=\"http:\/\/www.institut-automobile-du-mans.fr\" target=\"_blank\">www.institut-automobile-du-mans.fr<\/a><\/p>\n<blockquote><p><strong>OAM \/ OUEST ALLIANCE MOULISTES<\/strong><\/p><\/blockquote>\n<p style=\"padding-left: 30px;\">Wir sind ein aktives Mitglied dieses Zusammenschlusses von 6 Unternehmen.<br \/>\nDiese Unternehmen der Branche erg\u00e4nzen sich . Unser Ziel ist es der Kunststoffindustrie ein komplettes Werkzeugangebot anzubieten.<\/p>\n<h2 style=\"padding-left: 30px;\"><\/h2>\n","protected":false},"excerpt":{"rendered":"<p>Wir erweitern t\u00e4glich das Netz unserer Partner in Frankreich, in Europa, in Mittel-und Osteuropa, in Asien und in den USA zum Zwecke der Weitergabe unseres Know-Hows und der Optimierung des Preis-Leistungsverh\u00e4ltnisses. Versuche, Vorserien und Serien PROCESS &#8211;\u00a0Verarbeitung thermoplastischer Stoffe Diese Firma ist verantwortlich f\u00fcr die Versuche, Serien und Vorserien thermoplastischer Stoffe. Auf 25 bis 3200 [&hellip;]<\/p>\n","protected":false},"author":3,"featured_media":0,"parent":775,"menu_order":19,"comment_status":"closed","ping_status":"closed","template":"","meta":{"_acf_changed":false,"footnotes":""},"class_list":["post-1909","page","type-page","status-publish","hentry"],"acf":[],"_links":{"self":[{"href":"https:\/\/cero.fr\/de\/wp-json\/wp\/v2\/pages\/1909"}],"collection":[{"href":"https:\/\/cero.fr\/de\/wp-json\/wp\/v2\/pages"}],"about":[{"href":"https:\/\/cero.fr\/de\/wp-json\/wp\/v2\/types\/page"}],"author":[{"embeddable":true,"href":"https:\/\/cero.fr\/de\/wp-json\/wp\/v2\/users\/3"}],"replies":[{"embeddable":true,"href":"https:\/\/cero.fr\/de\/wp-json\/wp\/v2\/comments?post=1909"}],"version-history":[{"count":2,"href":"https:\/\/cero.fr\/de\/wp-json\/wp\/v2\/pages\/1909\/revisions"}],"predecessor-version":[{"id":1973,"href":"https:\/\/cero.fr\/de\/wp-json\/wp\/v2\/pages\/1909\/revisions\/1973"}],"up":[{"embeddable":true,"href":"https:\/\/cero.fr\/de\/wp-json\/wp\/v2\/pages\/775"}],"wp:attachment":[{"href":"https:\/\/cero.fr\/de\/wp-json\/wp\/v2\/media?parent=1909"}],"curies":[{"name":"wp","href":"https:\/\/api.w.org\/{rel}","templated":true}]}}