{"id":1905,"date":"2014-10-15T17:42:14","date_gmt":"2014-10-15T16:42:14","guid":{"rendered":"http:\/\/cero.fr\/activites\/metiers\/"},"modified":"2017-04-24T15:42:18","modified_gmt":"2017-04-24T13:42:18","slug":"sparten","status":"publish","type":"page","link":"https:\/\/cero.fr\/de\/taetigkeit\/sparten\/","title":{"rendered":"Sparten"},"content":{"rendered":"<h2>Entwicklung von Formen und Werkzeugen<\/h2>\n<table style=\"width: 700px;\">\n<tbody>\n<tr>\n<td style=\"width: 206px;\"><img loading=\"lazy\" decoding=\"async\" class=\"alignleft size-thumbnail wp-image-537\" src=\"http:\/\/cero.fr\/wp-content\/uploads\/2014\/10\/cero_conception-206x150.jpg\" alt=\"Cero_conception\" width=\"206\" height=\"150\" \/><\/td>\n<td style=\"vertical-align: top;\">Die Formen werden in unserem Engineeringb\u00fcro entwickelt.<br \/>\nSeit mehr als 30 Jahren ist unsere Expertise anerkannt. Unsere Forschung und Entwicklung f\u00f6rdert die Innovation.<br \/>\nWir entwickeln kundenorientiert unsere Gussformen. Wir \u00fcberwachen die Produktion, die Versuche und die Wartung der Formen, die gegebenenfalls im Ausland \u2013 und unter Anderem in Low Cost Zonen \u2013 hergestellt werden.<\/td>\n<\/tr>\n<\/tbody>\n<\/table>\n<h2>Herstellung von Formen und Werkzeugen<\/h2>\n<table style=\"width: 700px;\">\n<tbody>\n<tr>\n<td style=\"width: 206px;\"><img loading=\"lazy\" decoding=\"async\" class=\"alignleft size-thumbnail wp-image-545\" src=\"http:\/\/cero.fr\/wp-content\/uploads\/2014\/10\/fabrication-206x150.jpg\" alt=\"fabrication\" width=\"206\" height=\"150\" \/><\/td>\n<td style=\"vertical-align: top;\">Wir stellen in der Regel die Formen in unserem Werk in Frankreich her.<br \/>\nWir \u00fcberwachen gegebenenfalls die Produktion der Formen im Ausland.<\/td>\n<\/tr>\n<\/tbody>\n<\/table>\n<h2>Versuche auf Pressen, Herstellung von Prototypen und Vorserien<\/h2>\n<table style=\"width: 700px;\">\n<tbody>\n<tr>\n<td style=\"width: 206px;\"><img loading=\"lazy\" decoding=\"async\" class=\"alignnone wp-image-926 size-thumbnail\" src=\"http:\/\/cero.fr\/wp-content\/uploads\/2014\/10\/back-3200-206x150.jpg\" alt=\"Back 3200\" width=\"206\" height=\"150\" \/><\/td>\n<td style=\"vertical-align: top;\">Auf unseren leistungsstarken Anlagen \u00a0in Frankreich produzieren Gussform- Serien und Vorserien.<\/td>\n<\/tr>\n<\/tbody>\n<\/table>\n<h2>\u00c4nderung und Wartung der Formen in unserem Werk in Frankreich.<\/h2>\n<table style=\"width: 700px;\">\n<tbody>\n<tr>\n<td style=\"width: 206px;\"><img loading=\"lazy\" decoding=\"async\" class=\"alignleft size-thumbnail wp-image-554\" src=\"http:\/\/cero.fr\/wp-content\/uploads\/2014\/10\/maintenance-206x150.jpg\" alt=\"maintenance\" width=\"206\" height=\"150\" \/><\/td>\n<td style=\"vertical-align: top;\">Wir ver\u00e4ndern und warten die Industriegussformen in unserem Werk in Frankreich; dies gilt auch f\u00fcr die Gussformen, die im Ausland hergestellt und in Frankreich installiert wurden( step 2). Wir betreuen auch die CERO Formen, die im Ausland vewendet werden, wobei diese Leistung aus praktischen Gr\u00fcnden gegebenenfalls unseren ausl\u00e4ndischen Partnern \u00fcbertragen wird.<\/td>\n<\/tr>\n<\/tbody>\n<\/table>\n<h2>Outsourcing<\/h2>\n<table style=\"width: 700px;\">\n<tbody>\n<tr>\n<td style=\"width: 206px;\"><img loading=\"lazy\" decoding=\"async\" class=\"alignnone wp-image-1171 size-thumbnail\" src=\"http:\/\/cero.fr\/wp-content\/uploads\/2015\/04\/epl-3-206x150.jpg\" alt=\"EPL 3\" width=\"206\" height=\"150\" \/><\/td>\n<td style=\"vertical-align: top;\">Zum Zwecke der Optimierung der Produktionskosten und im Einvernehmen mit unseren Kunden betreuen wir die Herstellung und den Einsatz der Werkzeuge in Low Cost L\u00e4ndern ( China).<\/td>\n<\/tr>\n<\/tbody>\n<\/table>\n<p>&nbsp;<\/p>\n","protected":false},"excerpt":{"rendered":"<p>Entwicklung von Formen und Werkzeugen Die Formen werden in unserem Engineeringb\u00fcro entwickelt. Seit mehr als 30 Jahren ist unsere Expertise anerkannt. Unsere Forschung und Entwicklung f\u00f6rdert die Innovation. Wir entwickeln kundenorientiert unsere Gussformen. Wir \u00fcberwachen die Produktion, die Versuche und die Wartung der Formen, die gegebenenfalls im Ausland \u2013 und unter Anderem in Low Cost [&hellip;]<\/p>\n","protected":false},"author":2,"featured_media":0,"parent":775,"menu_order":2,"comment_status":"closed","ping_status":"closed","template":"","meta":{"_acf_changed":false,"footnotes":""},"class_list":["post-1905","page","type-page","status-publish","hentry"],"acf":[],"_links":{"self":[{"href":"https:\/\/cero.fr\/de\/wp-json\/wp\/v2\/pages\/1905"}],"collection":[{"href":"https:\/\/cero.fr\/de\/wp-json\/wp\/v2\/pages"}],"about":[{"href":"https:\/\/cero.fr\/de\/wp-json\/wp\/v2\/types\/page"}],"author":[{"embeddable":true,"href":"https:\/\/cero.fr\/de\/wp-json\/wp\/v2\/users\/2"}],"replies":[{"embeddable":true,"href":"https:\/\/cero.fr\/de\/wp-json\/wp\/v2\/comments?post=1905"}],"version-history":[{"count":3,"href":"https:\/\/cero.fr\/de\/wp-json\/wp\/v2\/pages\/1905\/revisions"}],"predecessor-version":[{"id":1965,"href":"https:\/\/cero.fr\/de\/wp-json\/wp\/v2\/pages\/1905\/revisions\/1965"}],"up":[{"embeddable":true,"href":"https:\/\/cero.fr\/de\/wp-json\/wp\/v2\/pages\/775"}],"wp:attachment":[{"href":"https:\/\/cero.fr\/de\/wp-json\/wp\/v2\/media?parent=1905"}],"curies":[{"name":"wp","href":"https:\/\/api.w.org\/{rel}","templated":true}]}}