{"id":1917,"date":"2014-11-24T11:52:52","date_gmt":"2014-11-24T10:52:52","guid":{"rendered":"http:\/\/cero.fr\/technologies\/injection-composite\/"},"modified":"2017-04-25T11:52:06","modified_gmt":"2017-04-25T09:52:06","slug":"verbundstoff-einspritzung","status":"publish","type":"page","link":"http:\/\/cero.fr\/de\/know-how\/verbundstoff-einspritzung\/","title":{"rendered":"Verbundstoff-Einspritzung"},"content":{"rendered":"<h2>RTM (RESIN TRANSFER MOLDING)<\/h2>\n<blockquote><p>Es handelt sich um eine Niederdruck- Einspritzung.<\/p>\n<p>Der fl\u00fcssige Harz wird manuell oder halbautomatisch in eine rigide Gussform und Gegenform eingespritzt.<br \/>\nDie Armierung \u2013 Masten, Gewebe, Vorformung- befindet sich im \u00d6ffnungsspalt der Gussform. Die Gussform wird dann fest verschlossen und der Harz wird bei niedrigem Druck eingespritzt.<\/p><\/blockquote>\n<h4>Anwendungsbereiche :<\/h4>\n<ul>\n<li>Herstellung von einfachen gro\u00dfen Teilen mit doppelter glatter Oberfl\u00e4che.<\/li>\n<li>Die Teile sind reproduzierbar. Die Qualit\u00e4t der Teile ist unabh\u00e4ngig von der manuellen Bearbeitung. Die Produktivit\u00e4t ist h\u00f6her als bei der Kontakteinspritzung und Projektionstechnik.<\/li>\n<li>Es handelt sich um relativ einfache, begrenzt verst\u00e4rkte Formen mit wenigen Spezifikationen. Eine Verarbeitung nach Einspritzung ist notwendig.<\/li>\n<\/ul>\n<h2>RIM (REACTION INJECTION MOULDING) \/ PU \/ PDCDP<\/h2>\n<blockquote><p>Es werden zwei fl\u00fcssige Werkstoffe in eine geschlossene Gussform eingespritzt. Aus der Reaktion ergibt sich ein Polymer.<br \/>\nDie Formgebung erfolgt bei geschlossener Gussform und die Verdichtung durch das Brennen.<\/p><\/blockquote>\n<h4>Anwendungsbereiche :<\/h4>\n<ul>\n<li>Diese Niederdruck-Technologie eignet sich f\u00fcr die Herstellung von gro\u00dfen Teilen.<\/li>\n<li>Der Prozess ist robust, aber die Konzeption der Teile und Werkzeuge, die Definition des Prozesses und die Betriebsmittel sind aufwendig.<\/li>\n<\/ul>\n","protected":false},"excerpt":{"rendered":"<p>RTM (RESIN TRANSFER MOLDING) Es handelt sich um eine Niederdruck- Einspritzung. Der fl\u00fcssige Harz wird manuell oder halbautomatisch in eine rigide Gussform und Gegenform eingespritzt. Die Armierung \u2013 Masten, Gewebe, Vorformung- befindet sich im \u00d6ffnungsspalt der Gussform. Die Gussform wird dann fest verschlossen und der Harz wird bei niedrigem Druck eingespritzt. Anwendungsbereiche : Herstellung von [&hellip;]<\/p>\n","protected":false},"author":1,"featured_media":0,"parent":1913,"menu_order":9,"comment_status":"closed","ping_status":"closed","template":"","meta":{"_acf_changed":false,"footnotes":""},"class_list":["post-1917","page","type-page","status-publish","hentry"],"acf":[],"_links":{"self":[{"href":"http:\/\/cero.fr\/de\/wp-json\/wp\/v2\/pages\/1917"}],"collection":[{"href":"http:\/\/cero.fr\/de\/wp-json\/wp\/v2\/pages"}],"about":[{"href":"http:\/\/cero.fr\/de\/wp-json\/wp\/v2\/types\/page"}],"author":[{"embeddable":true,"href":"http:\/\/cero.fr\/de\/wp-json\/wp\/v2\/users\/1"}],"replies":[{"embeddable":true,"href":"http:\/\/cero.fr\/de\/wp-json\/wp\/v2\/comments?post=1917"}],"version-history":[{"count":2,"href":"http:\/\/cero.fr\/de\/wp-json\/wp\/v2\/pages\/1917\/revisions"}],"predecessor-version":[{"id":1991,"href":"http:\/\/cero.fr\/de\/wp-json\/wp\/v2\/pages\/1917\/revisions\/1991"}],"up":[{"embeddable":true,"href":"http:\/\/cero.fr\/de\/wp-json\/wp\/v2\/pages\/1913"}],"wp:attachment":[{"href":"http:\/\/cero.fr\/de\/wp-json\/wp\/v2\/media?parent=1917"}],"curies":[{"name":"wp","href":"https:\/\/api.w.org\/{rel}","templated":true}]}}