{"id":1912,"date":"2014-11-24T11:51:34","date_gmt":"2014-11-24T10:51:34","guid":{"rendered":"http:\/\/cero.fr\/productions\/capacite-production\/"},"modified":"2017-04-25T10:19:45","modified_gmt":"2017-04-25T08:19:45","slug":"produktionskapazitaet","status":"publish","type":"page","link":"http:\/\/cero.fr\/de\/kapazitaeten\/produktionskapazitaet\/","title":{"rendered":"Produktionskapazit\u00e4t"},"content":{"rendered":"<p><img loading=\"lazy\" decoding=\"async\" class=\"wp-image-587 size-full aligncenter\" src=\"http:\/\/cero.fr\/wp-content\/uploads\/2014\/11\/capacite-prod.jpg\" alt=\"capacite-prod\" width=\"699\" height=\"237\" srcset=\"http:\/\/cero.fr\/wp-content\/uploads\/2014\/11\/capacite-prod.jpg 699w, http:\/\/cero.fr\/wp-content\/uploads\/2014\/11\/capacite-prod-300x101.jpg 300w\" sizes=\"(max-width: 699px) 100vw, 699px\" \/><\/p>\n<h3>\u00a0Neueste Investition: eine 1500 Tonnen Presse f\u00fcr \u00a0SMC<\/h3>\n\n\t\t\t<div id='1912-1' class='gallery gallery-1912 gallery-columns-4 gallery-size-thumbnail' itemscope itemtype='http:\/\/schema.org\/ImageGallery'>\n\t\t\t\t<div class='gallery-row gallery-col-4 gallery-clear'>\n\t\t\t\t\t<figure class='gallery-item col-4' itemprop='associatedMedia' itemscope itemtype='http:\/\/schema.org\/ImageObject'>\n\t\t\t\t\t\t<div class='gallery-icon landscape'><a href='http:\/\/cero.fr\/wp-content\/uploads\/2014\/10\/press-1.jpg' itemprop=\"contentURL\"><img loading=\"lazy\" decoding=\"async\" width=\"206\" height=\"150\" src=\"http:\/\/cero.fr\/wp-content\/uploads\/2014\/10\/press-1-206x150.jpg\" class=\"attachment-thumbnail size-thumbnail\" alt=\"\" itemprop=\"thumbnail\" \/><\/a><\/div>\n\t\t\t\t\t<\/figure>\n\t\t\t\t\t<figure class='gallery-item col-4' itemprop='associatedMedia' itemscope itemtype='http:\/\/schema.org\/ImageObject'>\n\t\t\t\t\t\t<div class='gallery-icon landscape'><a href='http:\/\/cero.fr\/wp-content\/uploads\/2014\/10\/press-2.jpg' itemprop=\"contentURL\"><img loading=\"lazy\" decoding=\"async\" width=\"206\" height=\"150\" src=\"http:\/\/cero.fr\/wp-content\/uploads\/2014\/10\/press-2-206x150.jpg\" class=\"attachment-thumbnail size-thumbnail\" alt=\"\" itemprop=\"thumbnail\" \/><\/a><\/div>\n\t\t\t\t\t<\/figure>\n\t\t\t\t\t<figure class='gallery-item col-4' itemprop='associatedMedia' itemscope itemtype='http:\/\/schema.org\/ImageObject'>\n\t\t\t\t\t\t<div class='gallery-icon landscape'><a href='http:\/\/cero.fr\/wp-content\/uploads\/2014\/10\/press-3.jpg' itemprop=\"contentURL\"><img loading=\"lazy\" decoding=\"async\" width=\"206\" height=\"150\" src=\"http:\/\/cero.fr\/wp-content\/uploads\/2014\/10\/press-3-206x150.jpg\" class=\"attachment-thumbnail size-thumbnail\" alt=\"\" itemprop=\"thumbnail\" \/><\/a><\/div>\n\t\t\t\t\t<\/figure>\n\t\t\t\t\t<figure class='gallery-item col-4' itemprop='associatedMedia' itemscope itemtype='http:\/\/schema.org\/ImageObject'>\n\t\t\t\t\t\t<div class='gallery-icon landscape'><a href='http:\/\/cero.fr\/wp-content\/uploads\/2014\/10\/press-4.jpg' itemprop=\"contentURL\"><img loading=\"lazy\" decoding=\"async\" width=\"206\" height=\"150\" src=\"http:\/\/cero.fr\/wp-content\/uploads\/2014\/10\/press-4-206x150.jpg\" class=\"attachment-thumbnail size-thumbnail\" alt=\"\" itemprop=\"thumbnail\" \/><\/a><\/div>\n\t\t\t\t\t<\/figure>\n\t\t\t\t<\/div>\n\t\t\t<\/div><!-- .gallery -->\n\n<p>Diese Presse erg\u00e4nzt die 2 bestehenden Pressen im Werk. Auf dieser Presse werden in Pr\u00e4zisionsarbeit Verbundstoffteile hergestellt. Sie wird auch f\u00fcr die Einstellung der Werkzeuge verwendet.<\/p>\n<p>&nbsp;<\/p>\n<h2>KONZEPTION UND DESIGN DER FORMEN UND DER WERKZEUGE<\/h2>\n<blockquote><p>Unsere Projektleiter haben einen direkten Kontakt zu unseren Kunden.<br \/>\nEin Viertel unserer Mitarbeiter ist im Engineering-B\u00fcro besch\u00e4ftigt.<\/p><\/blockquote>\n<h4 style=\"padding-left: 60px;\">Aufgabenbereich :<\/h4>\n<ul>\n<li>Entwicklung der Produkte<\/li>\n<li>Design und Modelisierung in 2D und 3D<\/li>\n<li>Rheologie, thermische Berechnungen, Strukturberechnungen<\/li>\n<\/ul>\n<h4 style=\"padding-left: 60px;\">Betriebsmittel :<\/h4>\n<ul>\n<li>5 CATIA V5 (R19 und R20)<\/li>\n<li>Ablesen der nativen Dateien in .step .igs .dxf<\/li>\n<li>Eine FTP- Seite f\u00fcr den sicheren Austausch der Dateien zwischen Kunden und dem Engineering-B\u00fcro<\/li>\n<\/ul>\n<h2>VORBEREITUNG DER VERARBEITUNG UND DER PRODUKTIONSPALETTE<\/h2>\n<blockquote><p>Unser Prozess-B\u00fcro optimiert unsere Produktionsmittel<\/p><\/blockquote>\n<h4 style=\"padding-left: 60px;\">Aufgabenbereich :<\/h4>\n<ul>\n<li>Definition der Verarbeitungsm\u00f6glichkeiten<\/li>\n<li>Bestimmung der Werkzeugbahnen 3, 4 und 5 Achsen<\/li>\n<li>Bestimmung der Elektrodenwege<\/li>\n<li>Bestimmung der Drahtwege<\/li>\n<\/ul>\n<h4 style=\"padding-left: 60px;\">Betriebsmittel :<\/h4>\n<ul>\n<li>5\u00a0 CATIA V5 (R19 und R20)<\/li>\n<li>Ablesen der nativen Dateien in .step .igs .dxf<\/li>\n<li>Eine FTP- Seite f\u00fcr den sicheren Austausch der Dateien zwischen Kunden und dem Engineering-B\u00fcro<\/li>\n<\/ul>\n<h2>BOHRARBEITEN<\/h2>\n<p>Wir gew\u00e4hrleisten Tiefenbohrungen.<\/p>\n<blockquote><p>Fr\u00e4sanlage CN IXION TLF 1004.<br \/>\nBohrtiefe\u00a0 1,5 m in einem Durchgang (3 m bei Trendwende), Durchmesser maximal 26 mm.<br \/>\nTisch 1500 x 1000.<br \/>\nF\u00fcr Stahlteile bis zu 6 T.<\/p><\/blockquote>\n\n\t\t\t<div id='1912-2' class='gallery gallery-1912 gallery-columns-3 gallery-size-thumbnail' itemscope itemtype='http:\/\/schema.org\/ImageGallery'>\n\t\t\t\t<div class='gallery-row gallery-col-3 gallery-clear'>\n\t\t\t\t\t<figure class='gallery-item col-3' itemprop='associatedMedia' itemscope itemtype='http:\/\/schema.org\/ImageObject'>\n\t\t\t\t\t\t<div class='gallery-icon landscape'><a href='http:\/\/cero.fr\/wp-content\/uploads\/2014\/11\/capacite-01.jpg' itemprop=\"contentURL\"><img loading=\"lazy\" decoding=\"async\" width=\"206\" height=\"150\" src=\"http:\/\/cero.fr\/wp-content\/uploads\/2014\/11\/capacite-01-206x150.jpg\" class=\"attachment-thumbnail size-thumbnail\" alt=\"\" srcset=\"http:\/\/cero.fr\/wp-content\/uploads\/2014\/11\/capacite-01-206x150.jpg 206w, http:\/\/cero.fr\/wp-content\/uploads\/2014\/11\/capacite-01-300x220.jpg 300w, http:\/\/cero.fr\/wp-content\/uploads\/2014\/11\/capacite-01.jpg 700w\" sizes=\"(max-width: 206px) 100vw, 206px\" itemprop=\"thumbnail\" \/><\/a><\/div>\n\t\t\t\t\t<\/figure>\n\t\t\t\t\t<figure class='gallery-item col-3' itemprop='associatedMedia' itemscope itemtype='http:\/\/schema.org\/ImageObject'>\n\t\t\t\t\t\t<div class='gallery-icon landscape'><a href='http:\/\/cero.fr\/wp-content\/uploads\/2014\/11\/capacite-02.jpg' itemprop=\"contentURL\"><img loading=\"lazy\" decoding=\"async\" width=\"206\" height=\"150\" src=\"http:\/\/cero.fr\/wp-content\/uploads\/2014\/11\/capacite-02-206x150.jpg\" class=\"attachment-thumbnail size-thumbnail\" alt=\"\" itemprop=\"thumbnail\" \/><\/a><\/div>\n\t\t\t\t\t<\/figure>\n\t\t\t\t\t<figure class='gallery-item col-3' itemprop='associatedMedia' itemscope itemtype='http:\/\/schema.org\/ImageObject'>\n\t\t\t\t\t\t<div class='gallery-icon landscape'><a href='http:\/\/cero.fr\/wp-content\/uploads\/2014\/11\/capacite-03.jpg' itemprop=\"contentURL\"><img loading=\"lazy\" decoding=\"async\" width=\"206\" height=\"150\" src=\"http:\/\/cero.fr\/wp-content\/uploads\/2014\/11\/capacite-03-206x150.jpg\" class=\"attachment-thumbnail size-thumbnail\" alt=\"\" itemprop=\"thumbnail\" \/><\/a><\/div>\n\t\t\t\t\t<\/figure>\n\t\t\t\t<\/div>\n\t\t\t<\/div><!-- .gallery -->\n\n<h2>CN und UGV Fr\u00e4sarbeiten<\/h2>\n<p>Auf unseren Anlagen k\u00f6nnen wir gro\u00dfe Werkzeuge herstellen.<\/p>\n<blockquote><p>Mit den digitalisierten Fr\u00e4sanlagen k\u00f6nnen wir Gussformen bis zu 6m L\u00e4nge, 2,5 m Breite und 1,2 m H\u00f6he herstellen.<\/p><\/blockquote>\n<ul>\n<li>3 Verarbeitungsanlagen 5 durchgehende Achsen UGV FPT RONIN (6000 x 2500 x 1500) \u2013 DINOX (2500 x 2200 x 1100) \u2013 UGV HERMLE C600U (600 x 450 x 450)<\/li>\n<li>1\u00a0Verarbeitungsanlage 5 angeordnete Achsen CORREA FP40 (4500 x 3000 x 1000)<\/li>\n<li>1 Verarbeitungsanlage 3 Achsen MAZAK AJV 35\/60<\/li>\n<li>1 Verarbeitungsanlage 4 Achsen FERRARI B17<\/li>\n<li>3 Br\u00fccken &#8211; 10 T &#8211; zur Best\u00fcckung dieser Anlagen<\/li>\n<\/ul>\n\n\t\t\t<div id='1912-3' class='gallery gallery-1912 gallery-columns-3 gallery-size-thumbnail' itemscope itemtype='http:\/\/schema.org\/ImageGallery'>\n\t\t\t\t<div class='gallery-row gallery-col-3 gallery-clear'>\n\t\t\t\t\t<figure class='gallery-item col-3' itemprop='associatedMedia' itemscope itemtype='http:\/\/schema.org\/ImageObject'>\n\t\t\t\t\t\t<div class='gallery-icon landscape'><a href='http:\/\/cero.fr\/wp-content\/uploads\/2014\/11\/capacite-04.jpg' itemprop=\"contentURL\"><img loading=\"lazy\" decoding=\"async\" width=\"206\" height=\"150\" src=\"http:\/\/cero.fr\/wp-content\/uploads\/2014\/11\/capacite-04-206x150.jpg\" class=\"attachment-thumbnail size-thumbnail\" alt=\"\" itemprop=\"thumbnail\" \/><\/a><\/div>\n\t\t\t\t\t<\/figure>\n\t\t\t\t\t<figure class='gallery-item col-3' itemprop='associatedMedia' itemscope itemtype='http:\/\/schema.org\/ImageObject'>\n\t\t\t\t\t\t<div class='gallery-icon landscape'><a href='http:\/\/cero.fr\/wp-content\/uploads\/2014\/11\/capacite-05.jpg' itemprop=\"contentURL\"><img loading=\"lazy\" decoding=\"async\" width=\"206\" height=\"150\" src=\"http:\/\/cero.fr\/wp-content\/uploads\/2014\/11\/capacite-05-206x150.jpg\" class=\"attachment-thumbnail size-thumbnail\" alt=\"\" itemprop=\"thumbnail\" \/><\/a><\/div>\n\t\t\t\t\t<\/figure>\n\t\t\t\t\t<figure class='gallery-item col-3' itemprop='associatedMedia' itemscope itemtype='http:\/\/schema.org\/ImageObject'>\n\t\t\t\t\t\t<div class='gallery-icon landscape'><a href='http:\/\/cero.fr\/wp-content\/uploads\/2014\/11\/capacite-06.jpg' itemprop=\"contentURL\"><img loading=\"lazy\" decoding=\"async\" width=\"206\" height=\"150\" src=\"http:\/\/cero.fr\/wp-content\/uploads\/2014\/11\/capacite-06-206x150.jpg\" class=\"attachment-thumbnail size-thumbnail\" alt=\"\" itemprop=\"thumbnail\" \/><\/a><\/div>\n\t\t\t\t\t<\/figure>\n\t\t\t\t<\/div>\n\t\t\t<\/div><!-- .gallery -->\n\n<h2>EROSIONSSCHLEIFEN<\/h2>\n<h4 style=\"padding-left: 60px;\">Senkerodierung<\/h4>\n<ul>\n<li>ONA HS700 \u2013 Leistung : 2300 x 1300 x 700<\/li>\n<li>ROBOFORM 40 \u2013 Leistung : 1100 x 400 x 750<\/li>\n<li>ROBOFORM 31 \u2013 Leistung : 500 x 400 x 300<\/li>\n<\/ul>\n<h4 style=\"padding-left: 60px;\">Drahtschneidemaschine<\/h4>\n<ul>\n<li>ONA KE 600 \u2013 Leistung : 1300 x 980 x 500<\/li>\n<li>MITSUBISHI DWC 200 HA \u2013 Leistung : 750 x 650 x 350<\/li>\n<\/ul>\n<h2>DREHMASCHINE<\/h2>\n<h4 style=\"padding-left: 60px;\">Anlagen :<\/h4>\n<ul>\n<li>Drehmaschine CN MAZAK TURN QUICK 15<\/li>\n<li>Herk\u00f6mmliche Drehmaschine RAMO A 42<\/li>\n<\/ul>\n<h2>JUSTIERUNG<\/h2>\n<blockquote><p>Ein Viertel unserer Belegschaft montiert, justiert unsere Werkzeuge und stellt sie ein.<\/p><\/blockquote>\n<ul>\n<li>2 Br\u00fccken ( 5 Tonnen)<\/li>\n<li>4 Br\u00fccken ( 10 Tonnen )<\/li>\n<li>1\u00a0 Br\u00fccke ( 20 Tonnen )<\/li>\n<li>1 Drehschlitten ( 10 Tonnen)<\/li>\n<\/ul>\n<h4 style=\"padding-left: 60px;\">Komplette Autonomie :<\/h4>\n<ul>\n<li>3 Schleifmaschinen<\/li>\n<li>2 Radialbohrmaschinen<\/li>\n<li>4 St\u00e4nderbohrmaschinen<\/li>\n<\/ul>\n<h4 style=\"padding-left: 60px;\">3 Pressen :<\/h4>\n<ul>\n<li>1 Presse SMC KOMPO 1500 Tonnen \u00a0\u2013\u00a0Leistung : 3000 x 2500 x 2800<\/li>\n<li>1\u00a0Presse PHP 200 Tonnen \u2013 Leistung : 3200 x 2000 x 2500<\/li>\n<li>1 Presse REIS 50 Tonnen \u2013 Leistung : 1200 x 1200 x 1200<\/li>\n<\/ul>\n\n\t\t\t<div id='1912-4' class='gallery gallery-1912 gallery-columns-3 gallery-size-thumbnail' itemscope itemtype='http:\/\/schema.org\/ImageGallery'>\n\t\t\t\t<div class='gallery-row gallery-col-3 gallery-clear'>\n\t\t\t\t\t<figure class='gallery-item col-3' itemprop='associatedMedia' itemscope itemtype='http:\/\/schema.org\/ImageObject'>\n\t\t\t\t\t\t<div class='gallery-icon landscape'><a href='http:\/\/cero.fr\/wp-content\/uploads\/2014\/11\/capacite-091.jpg' itemprop=\"contentURL\"><img loading=\"lazy\" decoding=\"async\" width=\"206\" height=\"150\" src=\"http:\/\/cero.fr\/wp-content\/uploads\/2014\/11\/capacite-091-206x150.jpg\" class=\"attachment-thumbnail size-thumbnail\" alt=\"\" itemprop=\"thumbnail\" \/><\/a><\/div>\n\t\t\t\t\t<\/figure>\n\t\t\t\t\t<figure class='gallery-item col-3' itemprop='associatedMedia' itemscope itemtype='http:\/\/schema.org\/ImageObject'>\n\t\t\t\t\t\t<div class='gallery-icon landscape'><a href='http:\/\/cero.fr\/wp-content\/uploads\/2014\/11\/capacite-081.jpg' itemprop=\"contentURL\"><img loading=\"lazy\" decoding=\"async\" width=\"206\" height=\"150\" src=\"http:\/\/cero.fr\/wp-content\/uploads\/2014\/11\/capacite-081-206x150.jpg\" class=\"attachment-thumbnail size-thumbnail\" alt=\"\" itemprop=\"thumbnail\" \/><\/a><\/div>\n\t\t\t\t\t<\/figure>\n\t\t\t\t\t<figure class='gallery-item col-3' itemprop='associatedMedia' itemscope itemtype='http:\/\/schema.org\/ImageObject'>\n\t\t\t\t\t\t<div class='gallery-icon landscape'><a href='http:\/\/cero.fr\/wp-content\/uploads\/2014\/11\/capacite-071.jpg' itemprop=\"contentURL\"><img loading=\"lazy\" decoding=\"async\" width=\"206\" height=\"150\" src=\"http:\/\/cero.fr\/wp-content\/uploads\/2014\/11\/capacite-071-206x150.jpg\" class=\"attachment-thumbnail size-thumbnail\" alt=\"\" itemprop=\"thumbnail\" \/><\/a><\/div>\n\t\t\t\t\t<\/figure>\n\t\t\t\t<\/div>\n\t\t\t<\/div><!-- .gallery -->\n\n<h2>DIE PRESSEN F\u00dcR DIE EINFACHE UND F\u00dcR DIE DOPPELTE EINSPRITZUNG<\/h2>\n<blockquote><p>Wir haben mehrere 25 bis 3200 Tonnen Pressen f\u00fcr die Versuche mit den Werkzeugen f\u00fcr die thermoplastische Einspritzung<\/p>\n<ul>\n<li>Doppelte Einspritzung 700 und 1000 Tonnen Typ Engel<\/li>\n<li>Dreifache Einspritzung\u00a0 160 Tonnen<\/li>\n<\/ul>\n<\/blockquote>\n<h2>KONTROLLEN UND MESSTECHNIK<\/h2>\n<blockquote><p>Wir f\u00fchren dreidimensionale Kontrollen durch (Teile, Gussformen, Elektroden).<br \/>\nWir bemessen die H\u00e4rte und die Oberfl\u00e4chenbeschaffung<\/p><\/blockquote>\n","protected":false},"excerpt":{"rendered":"<p>\u00a0Neueste Investition: eine 1500 Tonnen Presse f\u00fcr \u00a0SMC Diese Presse erg\u00e4nzt die 2 bestehenden Pressen im Werk. Auf dieser Presse werden in Pr\u00e4zisionsarbeit Verbundstoffteile hergestellt. Sie wird auch f\u00fcr die Einstellung der Werkzeuge verwendet. &nbsp; KONZEPTION UND DESIGN DER FORMEN UND DER WERKZEUGE Unsere Projektleiter haben einen direkten Kontakt zu unseren Kunden. Ein Viertel unserer [&hellip;]<\/p>\n","protected":false},"author":1,"featured_media":0,"parent":1911,"menu_order":0,"comment_status":"closed","ping_status":"closed","template":"","meta":{"_acf_changed":false,"footnotes":""},"class_list":["post-1912","page","type-page","status-publish","hentry"],"acf":[],"_links":{"self":[{"href":"http:\/\/cero.fr\/de\/wp-json\/wp\/v2\/pages\/1912"}],"collection":[{"href":"http:\/\/cero.fr\/de\/wp-json\/wp\/v2\/pages"}],"about":[{"href":"http:\/\/cero.fr\/de\/wp-json\/wp\/v2\/types\/page"}],"author":[{"embeddable":true,"href":"http:\/\/cero.fr\/de\/wp-json\/wp\/v2\/users\/1"}],"replies":[{"embeddable":true,"href":"http:\/\/cero.fr\/de\/wp-json\/wp\/v2\/comments?post=1912"}],"version-history":[{"count":6,"href":"http:\/\/cero.fr\/de\/wp-json\/wp\/v2\/pages\/1912\/revisions"}],"predecessor-version":[{"id":1981,"href":"http:\/\/cero.fr\/de\/wp-json\/wp\/v2\/pages\/1912\/revisions\/1981"}],"up":[{"embeddable":true,"href":"http:\/\/cero.fr\/de\/wp-json\/wp\/v2\/pages\/1911"}],"wp:attachment":[{"href":"http:\/\/cero.fr\/de\/wp-json\/wp\/v2\/media?parent=1912"}],"curies":[{"name":"wp","href":"https:\/\/api.w.org\/{rel}","templated":true}]}}